{"id":2,"date":"2024-10-10T10:59:06","date_gmt":"2024-10-10T10:59:06","guid":{"rendered":"http:\/\/aholte.hu\/?page_id=2"},"modified":"2025-11-25T21:21:21","modified_gmt":"2025-11-25T21:21:21","slug":"sample-page","status":"publish","type":"page","link":"https:\/\/aholte.hu\/en\/","title":{"rendered":"Aholte"},"content":{"rendered":"<div data-elementor-type=\"wp-page\" data-elementor-id=\"2\" class=\"elementor elementor-2\">\n\t\t\t\t<div class=\"elementor-element elementor-element-ed2b4b4 e-flex e-con-boxed qodef-elementor-content-no e-con e-parent\" data-id=\"ed2b4b4\" data-element_type=\"container\">\n\t\t\t\t\t<div class=\"e-con-inner\">\n\t\t\t\t<div class=\"elementor-element elementor-element-56a1432 elementor-widget elementor-widget-qode_essential_addons_portfolio_list\" data-id=\"56a1432\" data-element_type=\"widget\" data-widget_type=\"qode_essential_addons_portfolio_list.default\">\n\t\t\t\t<div class=\"elementor-widget-container\">\n\t\t\t<div class=\"qodef-shortcode qodef-m  qodef-portfolio-list qodef-item-layout--info-below  qodef-image--hover-zoom  qodef-grid qodef-layout--columns  qodef-gutter--tiny qodef-col-num--4  qodef-item-layout--info-below qodef-responsive--predefined\"  >\n\t<div class=\"qodef-grid-inner\">\n\t\t<article class=\"qodef-e qodef-grid-item qodef-item--square post-390 portfolio-item type-portfolio-item status-publish has-post-thumbnail hentry portfolio-category-festmeny portfolio-tag-kasirozott-vaszon portfolio-tag-portre\">\n\t<div class=\"qodef-e-inner\" >\n\t\t<div class=\"qodef-e-image\">\n\t\t\t\t<div class=\"qodef-e-media-image\">\n\t\t<a itemprop=\"url\" href=\"https:\/\/aholte.hu\/en\/portfolio-item\/portre-2\/\">\n\t\t\t<img fetchpriority=\"high\" decoding=\"async\" width=\"650\" height=\"650\" src=\"https:\/\/aholte.hu\/wp-content\/uploads\/2025\/01\/20250105_212342-1-650x650.jpg\" class=\"attachment-qode_essential_addons_image_size_square size-qode_essential_addons_image_size_square wp-post-image\" alt=\"\" srcset=\"https:\/\/aholte.hu\/wp-content\/uploads\/2025\/01\/20250105_212342-1-650x650.jpg 650w, https:\/\/aholte.hu\/wp-content\/uploads\/2025\/01\/20250105_212342-1-150x150.jpg 150w, https:\/\/aholte.hu\/wp-content\/uploads\/2025\/01\/20250105_212342-1-1300x1300.jpg 1300w\" sizes=\"(max-width: 650px) 100vw, 650px\" \/>\t\t\t\t\t<\/a>\n\t<\/div>\n\t\t<\/div>\n\t\t<div class=\"qodef-e-content\" >\n\t\t\t\t\t\t\t\t<div class=\"qodef-e-info-category\" >\n\t\t<a href=\"https:\/\/aholte.hu\/en\/portfolio-category\/festmeny\/\" rel=\"tag\">Oil painting<\/a>\t<\/div>\n\t\t\t\t<h5 itemprop=\"name\" class=\"qodef-e-title entry-title\" >\n\t<a itemprop=\"url\" class=\"qodef-e-title-link\" href=\"https:\/\/aholte.hu\/en\/portfolio-item\/portre-2\/\">\n\t\tPortr\u00e9 2\t<\/a>\n<\/h5>\n\t\t\t\t\t<\/div>\n\t<\/div>\n<\/article>\n<article class=\"qodef-e qodef-grid-item qodef-item--square post-387 portfolio-item type-portfolio-item status-publish has-post-thumbnail hentry portfolio-category-festmeny portfolio-tag-feszitett-vaszon portfolio-tag-portre\">\n\t<div class=\"qodef-e-inner\" >\n\t\t<div class=\"qodef-e-image\">\n\t\t\t\t<div class=\"qodef-e-media-image\">\n\t\t<a itemprop=\"url\" href=\"https:\/\/aholte.hu\/en\/portfolio-item\/portre-1\/\">\n\t\t\t<img decoding=\"async\" width=\"650\" height=\"650\" src=\"https:\/\/aholte.hu\/wp-content\/uploads\/2025\/01\/20250105_213007-650x650.jpg\" class=\"attachment-qode_essential_addons_image_size_square size-qode_essential_addons_image_size_square wp-post-image\" alt=\"\" srcset=\"https:\/\/aholte.hu\/wp-content\/uploads\/2025\/01\/20250105_213007-650x650.jpg 650w, https:\/\/aholte.hu\/wp-content\/uploads\/2025\/01\/20250105_213007-150x150.jpg 150w, https:\/\/aholte.hu\/wp-content\/uploads\/2025\/01\/20250105_213007-1300x1300.jpg 1300w\" sizes=\"(max-width: 650px) 100vw, 650px\" \/>\t\t\t\t\t<\/a>\n\t<\/div>\n\t\t<\/div>\n\t\t<div class=\"qodef-e-content\" >\n\t\t\t\t\t\t\t\t<div class=\"qodef-e-info-category\" >\n\t\t<a href=\"https:\/\/aholte.hu\/en\/portfolio-category\/festmeny\/\" rel=\"tag\">Oil painting<\/a>\t<\/div>\n\t\t\t\t<h5 itemprop=\"name\" class=\"qodef-e-title entry-title\" >\n\t<a itemprop=\"url\" class=\"qodef-e-title-link\" href=\"https:\/\/aholte.hu\/en\/portfolio-item\/portre-1\/\">\n\t\tPortr\u00e9 1\t<\/a>\n<\/h5>\n\t\t\t\t\t<\/div>\n\t<\/div>\n<\/article>\n<article class=\"qodef-e qodef-grid-item qodef-item--square post-383 portfolio-item type-portfolio-item status-publish has-post-thumbnail hentry portfolio-category-festmeny portfolio-tag-feszitett-vaszon\">\n\t<div class=\"qodef-e-inner\" >\n\t\t<div class=\"qodef-e-image\">\n\t\t\t\t<div class=\"qodef-e-media-image\">\n\t\t<a itemprop=\"url\" href=\"https:\/\/aholte.hu\/en\/portfolio-item\/macska-portre\/\">\n\t\t\t<img decoding=\"async\" width=\"650\" height=\"650\" src=\"https:\/\/aholte.hu\/wp-content\/uploads\/2024\/12\/20241217_092355-650x650.jpg\" class=\"attachment-qode_essential_addons_image_size_square size-qode_essential_addons_image_size_square wp-post-image\" alt=\"\" srcset=\"https:\/\/aholte.hu\/wp-content\/uploads\/2024\/12\/20241217_092355-650x650.jpg 650w, https:\/\/aholte.hu\/wp-content\/uploads\/2024\/12\/20241217_092355-150x150.jpg 150w, https:\/\/aholte.hu\/wp-content\/uploads\/2024\/12\/20241217_092355-12x12.jpg 12w, https:\/\/aholte.hu\/wp-content\/uploads\/2024\/12\/20241217_092355-1300x1300.jpg 1300w\" sizes=\"(max-width: 650px) 100vw, 650px\" \/>\t\t\t\t\t<\/a>\n\t<\/div>\n\t\t<\/div>\n\t\t<div class=\"qodef-e-content\" >\n\t\t\t\t\t\t\t\t<div class=\"qodef-e-info-category\" >\n\t\t<a href=\"https:\/\/aholte.hu\/en\/portfolio-category\/festmeny\/\" rel=\"tag\">Oil painting<\/a>\t<\/div>\n\t\t\t\t<h5 itemprop=\"name\" class=\"qodef-e-title entry-title\" >\n\t<a itemprop=\"url\" class=\"qodef-e-title-link\" href=\"https:\/\/aholte.hu\/en\/portfolio-item\/macska-portre\/\">\n\t\tMacska portr\u00e9\t<\/a>\n<\/h5>\n\t\t\t\t\t<\/div>\n\t<\/div>\n<\/article>\n<article class=\"qodef-e qodef-grid-item qodef-item--square post-378 portfolio-item type-portfolio-item status-publish has-post-thumbnail hentry portfolio-category-festmeny portfolio-tag-miniatur-2024 portfolio-tag-feszitett-vaszon\">\n\t<div class=\"qodef-e-inner\" >\n\t\t<div class=\"qodef-e-image\">\n\t\t\t\t<div class=\"qodef-e-media-image\">\n\t\t<a itemprop=\"url\" href=\"https:\/\/aholte.hu\/en\/portfolio-item\/topart-telen\/\">\n\t\t\t<img loading=\"lazy\" decoding=\"async\" width=\"650\" height=\"650\" src=\"https:\/\/aholte.hu\/wp-content\/uploads\/2024\/12\/20241219_062838-650x650.jpg\" class=\"attachment-qode_essential_addons_image_size_square size-qode_essential_addons_image_size_square wp-post-image\" alt=\"\" srcset=\"https:\/\/aholte.hu\/wp-content\/uploads\/2024\/12\/20241219_062838-650x650.jpg 650w, https:\/\/aholte.hu\/wp-content\/uploads\/2024\/12\/20241219_062838-150x150.jpg 150w, https:\/\/aholte.hu\/wp-content\/uploads\/2024\/12\/20241219_062838-1300x1300.jpg 1300w\" sizes=\"(max-width: 650px) 100vw, 650px\" \/>\t\t\t\t\t<\/a>\n\t<\/div>\n\t\t<\/div>\n\t\t<div class=\"qodef-e-content\" >\n\t\t\t\t\t\t\t\t<div class=\"qodef-e-info-category\" >\n\t\t<a href=\"https:\/\/aholte.hu\/en\/portfolio-category\/festmeny\/\" rel=\"tag\">Oil painting<\/a>\t<\/div>\n\t\t\t\t<h5 itemprop=\"name\" class=\"qodef-e-title entry-title\" >\n\t<a itemprop=\"url\" class=\"qodef-e-title-link\" href=\"https:\/\/aholte.hu\/en\/portfolio-item\/topart-telen\/\">\n\t\tLakeside in winter\t<\/a>\n<\/h5>\n\t\t\t\t\t<\/div>\n\t<\/div>\n<\/article>\n<article class=\"qodef-e qodef-grid-item qodef-item--square post-375 portfolio-item type-portfolio-item status-publish has-post-thumbnail hentry portfolio-category-festmeny portfolio-tag-miniatur-2024 portfolio-tag-feszitett-vaszon\">\n\t<div class=\"qodef-e-inner\" >\n\t\t<div class=\"qodef-e-image\">\n\t\t\t\t<div class=\"qodef-e-media-image\">\n\t\t<a itemprop=\"url\" href=\"https:\/\/aholte.hu\/en\/portfolio-item\/naplemente-telen\/\">\n\t\t\t<img loading=\"lazy\" decoding=\"async\" width=\"650\" height=\"650\" src=\"https:\/\/aholte.hu\/wp-content\/uploads\/2024\/12\/20241219_062815-650x650.jpg\" class=\"attachment-qode_essential_addons_image_size_square size-qode_essential_addons_image_size_square wp-post-image\" alt=\"\" srcset=\"https:\/\/aholte.hu\/wp-content\/uploads\/2024\/12\/20241219_062815-650x650.jpg 650w, https:\/\/aholte.hu\/wp-content\/uploads\/2024\/12\/20241219_062815-150x150.jpg 150w, https:\/\/aholte.hu\/wp-content\/uploads\/2024\/12\/20241219_062815-1300x1300.jpg 1300w\" sizes=\"(max-width: 650px) 100vw, 650px\" \/>\t\t\t\t\t<\/a>\n\t<\/div>\n\t\t<\/div>\n\t\t<div class=\"qodef-e-content\" >\n\t\t\t\t\t\t\t\t<div class=\"qodef-e-info-category\" >\n\t\t<a href=\"https:\/\/aholte.hu\/en\/portfolio-category\/festmeny\/\" rel=\"tag\">Oil painting<\/a>\t<\/div>\n\t\t\t\t<h5 itemprop=\"name\" class=\"qodef-e-title entry-title\" >\n\t<a itemprop=\"url\" class=\"qodef-e-title-link\" href=\"https:\/\/aholte.hu\/en\/portfolio-item\/naplemente-telen\/\">\n\t\tLakeside cabin\t<\/a>\n<\/h5>\n\t\t\t\t\t<\/div>\n\t<\/div>\n<\/article>\n<article class=\"qodef-e qodef-grid-item qodef-item--square post-372 portfolio-item type-portfolio-item status-publish has-post-thumbnail hentry portfolio-category-festmeny portfolio-tag-miniatur-2024 portfolio-tag-feszitett-vaszon\">\n\t<div class=\"qodef-e-inner\" >\n\t\t<div class=\"qodef-e-image\">\n\t\t\t\t<div class=\"qodef-e-media-image\">\n\t\t<a itemprop=\"url\" href=\"https:\/\/aholte.hu\/en\/portfolio-item\/fagyott-hid\/\">\n\t\t\t<img loading=\"lazy\" decoding=\"async\" width=\"650\" height=\"650\" src=\"https:\/\/aholte.hu\/wp-content\/uploads\/2024\/12\/20241219_062717-650x650.jpg\" class=\"attachment-qode_essential_addons_image_size_square size-qode_essential_addons_image_size_square wp-post-image\" alt=\"\" srcset=\"https:\/\/aholte.hu\/wp-content\/uploads\/2024\/12\/20241219_062717-650x650.jpg 650w, https:\/\/aholte.hu\/wp-content\/uploads\/2024\/12\/20241219_062717-150x150.jpg 150w, https:\/\/aholte.hu\/wp-content\/uploads\/2024\/12\/20241219_062717-1300x1300.jpg 1300w\" sizes=\"(max-width: 650px) 100vw, 650px\" \/>\t\t\t\t\t<\/a>\n\t<\/div>\n\t\t<\/div>\n\t\t<div class=\"qodef-e-content\" >\n\t\t\t\t\t\t\t\t<div class=\"qodef-e-info-category\" >\n\t\t<a href=\"https:\/\/aholte.hu\/en\/portfolio-category\/festmeny\/\" rel=\"tag\">Oil painting<\/a>\t<\/div>\n\t\t\t\t<h5 itemprop=\"name\" class=\"qodef-e-title entry-title\" >\n\t<a itemprop=\"url\" class=\"qodef-e-title-link\" href=\"https:\/\/aholte.hu\/en\/portfolio-item\/fagyott-hid\/\">\n\t\tFrozen bridge\t<\/a>\n<\/h5>\n\t\t\t\t\t<\/div>\n\t<\/div>\n<\/article>\n<article class=\"qodef-e qodef-grid-item qodef-item--square post-338 portfolio-item type-portfolio-item status-publish has-post-thumbnail hentry portfolio-category-festmeny portfolio-tag-miniatur-2024 portfolio-tag-feszitett-vaszon portfolio-tag-impresszionizmus\">\n\t<div class=\"qodef-e-inner\" >\n\t\t<div class=\"qodef-e-image\">\n\t\t\t\t<div class=\"qodef-e-media-image\">\n\t\t<a itemprop=\"url\" href=\"https:\/\/aholte.hu\/en\/portfolio-item\/teli-naplemente\/\">\n\t\t\t<img loading=\"lazy\" decoding=\"async\" width=\"650\" height=\"650\" src=\"https:\/\/aholte.hu\/wp-content\/uploads\/2024\/12\/20241208_002227-650x650.jpg\" class=\"attachment-qode_essential_addons_image_size_square size-qode_essential_addons_image_size_square wp-post-image\" alt=\"\" srcset=\"https:\/\/aholte.hu\/wp-content\/uploads\/2024\/12\/20241208_002227-650x650.jpg 650w, https:\/\/aholte.hu\/wp-content\/uploads\/2024\/12\/20241208_002227-150x150.jpg 150w, https:\/\/aholte.hu\/wp-content\/uploads\/2024\/12\/20241208_002227-1300x1300.jpg 1300w\" sizes=\"(max-width: 650px) 100vw, 650px\" \/>\t\t\t\t\t<\/a>\n\t<\/div>\n\t\t<\/div>\n\t\t<div class=\"qodef-e-content\" >\n\t\t\t\t\t\t\t\t<div class=\"qodef-e-info-category\" >\n\t\t<a href=\"https:\/\/aholte.hu\/en\/portfolio-category\/festmeny\/\" rel=\"tag\">Oil painting<\/a>\t<\/div>\n\t\t\t\t<h5 itemprop=\"name\" class=\"qodef-e-title entry-title\" >\n\t<a itemprop=\"url\" class=\"qodef-e-title-link\" href=\"https:\/\/aholte.hu\/en\/portfolio-item\/teli-naplemente\/\">\n\t\tWinter sunset\t<\/a>\n<\/h5>\n\t\t\t\t\t<\/div>\n\t<\/div>\n<\/article>\n<article class=\"qodef-e qodef-grid-item qodef-item--square post-335 portfolio-item type-portfolio-item status-publish has-post-thumbnail hentry portfolio-category-festmeny portfolio-tag-feszitett-vaszon\">\n\t<div class=\"qodef-e-inner\" >\n\t\t<div class=\"qodef-e-image\">\n\t\t\t\t<div class=\"qodef-e-media-image\">\n\t\t<a itemprop=\"url\" href=\"https:\/\/aholte.hu\/en\/portfolio-item\/havas-seta\/\">\n\t\t\t<img loading=\"lazy\" decoding=\"async\" width=\"650\" height=\"650\" src=\"https:\/\/aholte.hu\/wp-content\/uploads\/2024\/12\/20241208_002258-650x650.jpg\" class=\"attachment-qode_essential_addons_image_size_square size-qode_essential_addons_image_size_square wp-post-image\" alt=\"\" srcset=\"https:\/\/aholte.hu\/wp-content\/uploads\/2024\/12\/20241208_002258-650x650.jpg 650w, https:\/\/aholte.hu\/wp-content\/uploads\/2024\/12\/20241208_002258-150x150.jpg 150w, https:\/\/aholte.hu\/wp-content\/uploads\/2024\/12\/20241208_002258-1300x1300.jpg 1300w\" sizes=\"(max-width: 650px) 100vw, 650px\" \/>\t\t\t\t\t<\/a>\n\t<\/div>\n\t\t<\/div>\n\t\t<div class=\"qodef-e-content\" >\n\t\t\t\t\t\t\t\t<div class=\"qodef-e-info-category\" >\n\t\t<a href=\"https:\/\/aholte.hu\/en\/portfolio-category\/festmeny\/\" rel=\"tag\">Oil painting<\/a>\t<\/div>\n\t\t\t\t<h5 itemprop=\"name\" class=\"qodef-e-title entry-title\" >\n\t<a itemprop=\"url\" class=\"qodef-e-title-link\" href=\"https:\/\/aholte.hu\/en\/portfolio-item\/havas-seta\/\">\n\t\tSnowy walk\t<\/a>\n<\/h5>\n\t\t\t\t\t<\/div>\n\t<\/div>\n<\/article>\n<article class=\"qodef-e qodef-grid-item qodef-item--square post-332 portfolio-item type-portfolio-item status-publish has-post-thumbnail hentry portfolio-category-festmeny portfolio-tag-feszitett-vaszon\">\n\t<div class=\"qodef-e-inner\" >\n\t\t<div class=\"qodef-e-image\">\n\t\t\t\t<div class=\"qodef-e-media-image\">\n\t\t<a itemprop=\"url\" href=\"https:\/\/aholte.hu\/en\/portfolio-item\/holland-malom\/\">\n\t\t\t<img loading=\"lazy\" decoding=\"async\" width=\"650\" height=\"650\" src=\"https:\/\/aholte.hu\/wp-content\/uploads\/2024\/12\/20241208_002321-650x650.jpg\" class=\"attachment-qode_essential_addons_image_size_square size-qode_essential_addons_image_size_square wp-post-image\" alt=\"\" srcset=\"https:\/\/aholte.hu\/wp-content\/uploads\/2024\/12\/20241208_002321-650x650.jpg 650w, https:\/\/aholte.hu\/wp-content\/uploads\/2024\/12\/20241208_002321-150x150.jpg 150w, https:\/\/aholte.hu\/wp-content\/uploads\/2024\/12\/20241208_002321-1300x1300.jpg 1300w\" sizes=\"(max-width: 650px) 100vw, 650px\" \/>\t\t\t\t\t<\/a>\n\t<\/div>\n\t\t<\/div>\n\t\t<div class=\"qodef-e-content\" >\n\t\t\t\t\t\t\t\t<div class=\"qodef-e-info-category\" >\n\t\t<a href=\"https:\/\/aholte.hu\/en\/portfolio-category\/festmeny\/\" rel=\"tag\">Oil painting<\/a>\t<\/div>\n\t\t\t\t<h5 itemprop=\"name\" class=\"qodef-e-title entry-title\" >\n\t<a itemprop=\"url\" class=\"qodef-e-title-link\" href=\"https:\/\/aholte.hu\/en\/portfolio-item\/holland-malom\/\">\n\t\tHolland mill\t<\/a>\n<\/h5>\n\t\t\t\t\t<\/div>\n\t<\/div>\n<\/article>\n<article class=\"qodef-e qodef-grid-item qodef-item--square post-326 portfolio-item type-portfolio-item status-publish has-post-thumbnail hentry portfolio-category-festmeny portfolio-tag-miniatur-2024 portfolio-tag-feszitett-vaszon\">\n\t<div class=\"qodef-e-inner\" >\n\t\t<div class=\"qodef-e-image\">\n\t\t\t\t<div class=\"qodef-e-media-image\">\n\t\t<a itemprop=\"url\" href=\"https:\/\/aholte.hu\/en\/portfolio-item\/fagyott-to\/\">\n\t\t\t<img loading=\"lazy\" decoding=\"async\" width=\"650\" height=\"650\" src=\"https:\/\/aholte.hu\/wp-content\/uploads\/2024\/12\/20241208_002409-650x650.jpg\" class=\"attachment-qode_essential_addons_image_size_square size-qode_essential_addons_image_size_square wp-post-image\" alt=\"\" srcset=\"https:\/\/aholte.hu\/wp-content\/uploads\/2024\/12\/20241208_002409-650x650.jpg 650w, https:\/\/aholte.hu\/wp-content\/uploads\/2024\/12\/20241208_002409-150x150.jpg 150w, https:\/\/aholte.hu\/wp-content\/uploads\/2024\/12\/20241208_002409-1300x1300.jpg 1300w\" sizes=\"(max-width: 650px) 100vw, 650px\" \/>\t\t\t\t\t<\/a>\n\t<\/div>\n\t\t<\/div>\n\t\t<div class=\"qodef-e-content\" >\n\t\t\t\t\t\t\t\t<div class=\"qodef-e-info-category\" >\n\t\t<a href=\"https:\/\/aholte.hu\/en\/portfolio-category\/festmeny\/\" rel=\"tag\">Oil painting<\/a>\t<\/div>\n\t\t\t\t<h5 itemprop=\"name\" class=\"qodef-e-title entry-title\" >\n\t<a itemprop=\"url\" class=\"qodef-e-title-link\" href=\"https:\/\/aholte.hu\/en\/portfolio-item\/fagyott-to\/\">\n\t\tFrozen lake\t<\/a>\n<\/h5>\n\t\t\t\t\t<\/div>\n\t<\/div>\n<\/article>\n<article class=\"qodef-e qodef-grid-item qodef-item--square post-323 portfolio-item type-portfolio-item status-publish has-post-thumbnail hentry portfolio-category-festmeny portfolio-tag-miniatur-2024 portfolio-tag-feszitett-vaszon\">\n\t<div class=\"qodef-e-inner\" >\n\t\t<div class=\"qodef-e-image\">\n\t\t\t\t<div class=\"qodef-e-media-image\">\n\t\t<a itemprop=\"url\" href=\"https:\/\/aholte.hu\/en\/portfolio-item\/teli-volgy\/\">\n\t\t\t<img loading=\"lazy\" decoding=\"async\" width=\"650\" height=\"650\" src=\"https:\/\/aholte.hu\/wp-content\/uploads\/2024\/12\/20241208_002439-650x650.jpg\" class=\"attachment-qode_essential_addons_image_size_square size-qode_essential_addons_image_size_square wp-post-image\" alt=\"\" srcset=\"https:\/\/aholte.hu\/wp-content\/uploads\/2024\/12\/20241208_002439-650x650.jpg 650w, https:\/\/aholte.hu\/wp-content\/uploads\/2024\/12\/20241208_002439-150x150.jpg 150w, https:\/\/aholte.hu\/wp-content\/uploads\/2024\/12\/20241208_002439-12x12.jpg 12w, https:\/\/aholte.hu\/wp-content\/uploads\/2024\/12\/20241208_002439-1300x1300.jpg 1300w\" sizes=\"(max-width: 650px) 100vw, 650px\" \/>\t\t\t\t\t<\/a>\n\t<\/div>\n\t\t<\/div>\n\t\t<div class=\"qodef-e-content\" >\n\t\t\t\t\t\t\t\t<div class=\"qodef-e-info-category\" >\n\t\t<a href=\"https:\/\/aholte.hu\/en\/portfolio-category\/festmeny\/\" rel=\"tag\">Oil painting<\/a>\t<\/div>\n\t\t\t\t<h5 itemprop=\"name\" class=\"qodef-e-title entry-title\" >\n\t<a itemprop=\"url\" class=\"qodef-e-title-link\" href=\"https:\/\/aholte.hu\/en\/portfolio-item\/teli-volgy\/\">\n\t\tWinter valley\t<\/a>\n<\/h5>\n\t\t\t\t\t<\/div>\n\t<\/div>\n<\/article>\n<article class=\"qodef-e qodef-grid-item qodef-item--square post-294 portfolio-item type-portfolio-item status-publish has-post-thumbnail hentry portfolio-category-festmeny portfolio-tag-miniatur-2024 portfolio-tag-feszitett-vaszon\">\n\t<div class=\"qodef-e-inner\" >\n\t\t<div class=\"qodef-e-image\">\n\t\t\t\t<div class=\"qodef-e-media-image\">\n\t\t<a itemprop=\"url\" href=\"https:\/\/aholte.hu\/en\/portfolio-item\/teli-tajkep-2\/\">\n\t\t\t<img loading=\"lazy\" decoding=\"async\" width=\"650\" height=\"650\" src=\"https:\/\/aholte.hu\/wp-content\/uploads\/2024\/12\/winter-mini-2-650x650.png\" class=\"attachment-qode_essential_addons_image_size_square size-qode_essential_addons_image_size_square wp-post-image\" alt=\"winter landscape\" srcset=\"https:\/\/aholte.hu\/wp-content\/uploads\/2024\/12\/winter-mini-2-650x650.png 650w, https:\/\/aholte.hu\/wp-content\/uploads\/2024\/12\/winter-mini-2-150x150.png 150w, https:\/\/aholte.hu\/wp-content\/uploads\/2024\/12\/winter-mini-2-1300x1300.png 1300w\" sizes=\"(max-width: 650px) 100vw, 650px\" \/>\t\t\t\t\t<\/a>\n\t<\/div>\n\t\t<\/div>\n\t\t<div class=\"qodef-e-content\" >\n\t\t\t\t\t\t\t\t<div class=\"qodef-e-info-category\" >\n\t\t<a href=\"https:\/\/aholte.hu\/en\/portfolio-category\/festmeny\/\" rel=\"tag\">Oil painting<\/a>\t<\/div>\n\t\t\t\t<h5 itemprop=\"name\" class=\"qodef-e-title entry-title\" >\n\t<a itemprop=\"url\" class=\"qodef-e-title-link\" href=\"https:\/\/aholte.hu\/en\/portfolio-item\/teli-tajkep-2\/\">\n\t\tWinter landscape\t<\/a>\n<\/h5>\n\t\t\t\t\t<\/div>\n\t<\/div>\n<\/article>\n\t<\/div>\n\t\t<div class=\"qodef-m-pagination qodef--standard\">\n\t\t<nav class=\"navigation pagination\" role=\"navigation\" aria-label=\"Posts\">\n\t\t\t<h2 class=\"screen-reader-text\">Posts navigation<\/h2>\n\t\t\t<div class=\"nav-links\">\n\t\t\t\t<span aria-current=\"page\" class=\"page-numbers current\">1<\/span>\n<a class=\"page-numbers\" href=\"https:\/\/aholte.hu\/en\/wp-json\/wp\/v2\/pages\/2\/page\/2\/\">2<\/a>\n<a class=\"page-numbers\" href=\"https:\/\/aholte.hu\/en\/wp-json\/wp\/v2\/pages\/2\/page\/3\/\">3<\/a>\n<span class=\"page-numbers dots\">&hellip;<\/span>\n<a class=\"page-numbers\" href=\"https:\/\/aholte.hu\/en\/wp-json\/wp\/v2\/pages\/2\/page\/5\/\">5<\/a>\n<a class=\"next page-numbers\" href=\"https:\/\/aholte.hu\/en\/wp-json\/wp\/v2\/pages\/2\/page\/2\/\"><svg class=\"qodef-m-pagination-icon\" xmlns=\"http:\/\/www.w3.org\/2000\/svg\" x=\"0px\" y=\"0px\" width=\"6.2px\" height=\"10.8px\" viewbox=\"0 0 6.2 10.8\" xml:space=\"preserve\" style=\"stroke: none;\"><g><path d=\"M5.9,5.9l-4.7,4.7c-0.3,0.3-0.7,0.3-1,0c-0.1-0.1-0.2-0.3-0.2-0.5c0-0.2,0.1-0.4,0.2-0.5l4.1-4.2L0.3,1.2c-0.4-0.3-0.4-0.7,0-1c0.3-0.3,0.7-0.3,1,0l4.7,4.7C6.1,5,6.2,5.2,6.2,5.4C6.2,5.6,6.1,5.8,5.9,5.9z\"\/><\/g><\/svg><\/a>\t\t\t<\/div>\n\t\t<\/nav>\n\t<\/div>\n<\/div>\n\t\t<\/div>\n\t\t\t\t<\/div>\n\t\t\t\t\t<\/div>\n\t\t\t\t<\/div>\n\t\t<div class=\"elementor-element elementor-element-4d05b65 e-flex e-con-boxed qodef-elementor-content-no e-con e-parent\" data-id=\"4d05b65\" data-element_type=\"container\">\n\t\t\t\t\t<div class=\"e-con-inner\">\n\t\t\t\t\t<\/div>\n\t\t\t\t<\/div>\n\t\t\t\t<\/div>","protected":false},"excerpt":{"rendered":"<p>Olajfestm\u00e9ny Portr\u00e9 2 Olajfestm\u00e9ny Portr\u00e9 1 Olajfestm\u00e9ny Macska portr\u00e9 Olajfestm\u00e9ny T\u00f3part t\u00e9len Olajfestm\u00e9ny T\u00f3parti kulipinty\u00f3 Olajfestm\u00e9ny Fagyott h\u00edd Olajfestm\u00e9ny T\u00e9li naplemente Olajfestm\u00e9ny Havas s\u00e9ta Olajfestm\u00e9ny Holland malom Olajfestm\u00e9ny Fagyott t\u00f3 Olajfestm\u00e9ny T\u00e9li v\u00f6lgy Olajfestm\u00e9ny T\u00e9li t\u00e1jk\u00e9p Posts navigation 1 2 3 &hellip; 5<\/p>","protected":false},"author":1,"featured_media":0,"parent":0,"menu_order":0,"comment_status":"closed","ping_status":"open","template":"","meta":{"footnotes":""},"class_list":["post-2","page","type-page","status-publish","hentry"],"_links":{"self":[{"href":"https:\/\/aholte.hu\/en\/wp-json\/wp\/v2\/pages\/2","targetHints":{"allow":["GET"]}}],"collection":[{"href":"https:\/\/aholte.hu\/en\/wp-json\/wp\/v2\/pages"}],"about":[{"href":"https:\/\/aholte.hu\/en\/wp-json\/wp\/v2\/types\/page"}],"author":[{"embeddable":true,"href":"https:\/\/aholte.hu\/en\/wp-json\/wp\/v2\/users\/1"}],"replies":[{"embeddable":true,"href":"https:\/\/aholte.hu\/en\/wp-json\/wp\/v2\/comments?post=2"}],"version-history":[{"count":63,"href":"https:\/\/aholte.hu\/en\/wp-json\/wp\/v2\/pages\/2\/revisions"}],"predecessor-version":[{"id":400,"href":"https:\/\/aholte.hu\/en\/wp-json\/wp\/v2\/pages\/2\/revisions\/400"}],"wp:attachment":[{"href":"https:\/\/aholte.hu\/en\/wp-json\/wp\/v2\/media?parent=2"}],"curies":[{"name":"wp","href":"https:\/\/api.w.org\/{rel}","templated":true}]}}